{"id":1787,"date":"2021-12-14T16:00:52","date_gmt":"2021-12-14T21:00:52","guid":{"rendered":"https:\/\/www.afpllc.com\/produits\/desserts\/"},"modified":"2025-11-18T09:36:39","modified_gmt":"2025-11-18T14:36:39","slug":"pudding","status":"publish","type":"page","link":"https:\/\/www.afpllc.com\/fr\/produits\/pudding\/","title":{"rendered":"pudding"},"content":{"rendered":"","protected":false},"excerpt":{"rendered":"","protected":false},"author":1,"featured_media":20701,"parent":1779,"menu_order":45,"comment_status":"closed","ping_status":"closed","template":"page-product.php","meta":{"footnotes":""},"class_list":["post-1787","page","type-page","status-publish","has-post-thumbnail","hentry"],"yoast_head":"<!-- This site is optimized with the Yoast SEO plugin v26.3 - https:\/\/yoast.com\/wordpress\/plugins\/seo\/ -->\n<title>pudding - AFP<\/title>\n<meta name=\"robots\" content=\"index, follow, max-snippet:-1, max-image-preview:large, max-video-preview:-1\" \/>\n<link rel=\"canonical\" href=\"https:\/\/www.afpllc.com\/fr\/produits\/pudding\/\" \/>\n<meta property=\"og:locale\" content=\"fr_FR\" \/>\n<meta property=\"og:type\" content=\"article\" \/>\n<meta property=\"og:title\" content=\"pudding - AFP\" \/>\n<meta property=\"og:url\" content=\"https:\/\/www.afpllc.com\/fr\/produits\/pudding\/\" \/>\n<meta property=\"og:site_name\" content=\"AFP\" \/>\n<meta property=\"article:modified_time\" content=\"2025-11-18T14:36:39+00:00\" \/>\n<meta property=\"og:image\" content=\"https:\/\/www.afpllc.com\/wp-content\/uploads\/stuffed-pancakes-image.jpg\" \/>\n\t<meta property=\"og:image:width\" content=\"1920\" \/>\n\t<meta property=\"og:image:height\" content=\"1750\" \/>\n\t<meta property=\"og:image:type\" content=\"image\/jpeg\" \/>\n<meta name=\"twitter:card\" content=\"summary_large_image\" \/>\n<meta name=\"twitter:label1\" content=\"Dur\u00e9e de lecture estim\u00e9e\" \/>\n\t<meta name=\"twitter:data1\" content=\"1 minute\" \/>\n<script type=\"application\/ld+json\" class=\"yoast-schema-graph\">{\"@context\":\"https:\/\/schema.org\",\"@graph\":[{\"@type\":\"WebPage\",\"@id\":\"https:\/\/www.afpllc.com\/fr\/produits\/pudding\/\",\"url\":\"https:\/\/www.afpllc.com\/fr\/produits\/pudding\/\",\"name\":\"pudding - AFP\",\"isPartOf\":{\"@id\":\"https:\/\/www.afpllc.com\/fr\/#website\"},\"primaryImageOfPage\":{\"@id\":\"https:\/\/www.afpllc.com\/fr\/produits\/pudding\/#primaryimage\"},\"image\":{\"@id\":\"https:\/\/www.afpllc.com\/fr\/produits\/pudding\/#primaryimage\"},\"thumbnailUrl\":\"https:\/\/www.afpllc.com\/wp-content\/uploads\/stuffed-pancakes-image.jpg\",\"datePublished\":\"2021-12-14T21:00:52+00:00\",\"dateModified\":\"2025-11-18T14:36:39+00:00\",\"breadcrumb\":{\"@id\":\"https:\/\/www.afpllc.com\/fr\/produits\/pudding\/#breadcrumb\"},\"inLanguage\":\"fr-FR\",\"potentialAction\":[{\"@type\":\"ReadAction\",\"target\":[\"https:\/\/www.afpllc.com\/fr\/produits\/pudding\/\"]}]},{\"@type\":\"ImageObject\",\"inLanguage\":\"fr-FR\",\"@id\":\"https:\/\/www.afpllc.com\/fr\/produits\/pudding\/#primaryimage\",\"url\":\"https:\/\/www.afpllc.com\/wp-content\/uploads\/stuffed-pancakes-image.jpg\",\"contentUrl\":\"https:\/\/www.afpllc.com\/wp-content\/uploads\/stuffed-pancakes-image.jpg\",\"width\":1920,\"height\":1750},{\"@type\":\"BreadcrumbList\",\"@id\":\"https:\/\/www.afpllc.com\/fr\/produits\/pudding\/#breadcrumb\",\"itemListElement\":[{\"@type\":\"ListItem\",\"position\":1,\"name\":\"Produits\",\"item\":\"https:\/\/www.afpllc.com\/fr\/produits\/\"},{\"@type\":\"ListItem\",\"position\":2,\"name\":\"pudding\"}]},{\"@type\":\"WebSite\",\"@id\":\"https:\/\/www.afpllc.com\/fr\/#website\",\"url\":\"https:\/\/www.afpllc.com\/fr\/\",\"name\":\"AFP\",\"description\":\"Innovative Food Solutions.\",\"publisher\":{\"@id\":\"https:\/\/www.afpllc.com\/fr\/#organization\"},\"potentialAction\":[{\"@type\":\"SearchAction\",\"target\":{\"@type\":\"EntryPoint\",\"urlTemplate\":\"https:\/\/www.afpllc.com\/fr\/?s={search_term_string}\"},\"query-input\":{\"@type\":\"PropertyValueSpecification\",\"valueRequired\":true,\"valueName\":\"search_term_string\"}}],\"inLanguage\":\"fr-FR\"},{\"@type\":\"Organization\",\"@id\":\"https:\/\/www.afpllc.com\/fr\/#organization\",\"name\":\"AFP\",\"url\":\"https:\/\/www.afpllc.com\/fr\/\",\"logo\":{\"@type\":\"ImageObject\",\"inLanguage\":\"fr-FR\",\"@id\":\"https:\/\/www.afpllc.com\/fr\/#\/schema\/logo\/image\/\",\"url\":\"https:\/\/www.afpllc.com\/wp-content\/uploads\/2021\/11\/AFP-logo-color.svg\",\"contentUrl\":\"https:\/\/www.afpllc.com\/wp-content\/uploads\/2021\/11\/AFP-logo-color.svg\",\"width\":60,\"height\":40,\"caption\":\"AFP\"},\"image\":{\"@id\":\"https:\/\/www.afpllc.com\/fr\/#\/schema\/logo\/image\/\"}}]}<\/script>\n<!-- \/ Yoast SEO plugin. -->","yoast_head_json":{"title":"pudding - AFP","robots":{"index":"index","follow":"follow","max-snippet":"max-snippet:-1","max-image-preview":"max-image-preview:large","max-video-preview":"max-video-preview:-1"},"canonical":"https:\/\/www.afpllc.com\/fr\/produits\/pudding\/","og_locale":"fr_FR","og_type":"article","og_title":"pudding - AFP","og_url":"https:\/\/www.afpllc.com\/fr\/produits\/pudding\/","og_site_name":"AFP","article_modified_time":"2025-11-18T14:36:39+00:00","og_image":[{"width":1920,"height":1750,"url":"https:\/\/www.afpllc.com\/wp-content\/uploads\/stuffed-pancakes-image.jpg","type":"image\/jpeg"}],"twitter_card":"summary_large_image","twitter_misc":{"Dur\u00e9e de lecture estim\u00e9e":"1 minute"},"schema":{"@context":"https:\/\/schema.org","@graph":[{"@type":"WebPage","@id":"https:\/\/www.afpllc.com\/fr\/produits\/pudding\/","url":"https:\/\/www.afpllc.com\/fr\/produits\/pudding\/","name":"pudding - AFP","isPartOf":{"@id":"https:\/\/www.afpllc.com\/fr\/#website"},"primaryImageOfPage":{"@id":"https:\/\/www.afpllc.com\/fr\/produits\/pudding\/#primaryimage"},"image":{"@id":"https:\/\/www.afpllc.com\/fr\/produits\/pudding\/#primaryimage"},"thumbnailUrl":"https:\/\/www.afpllc.com\/wp-content\/uploads\/stuffed-pancakes-image.jpg","datePublished":"2021-12-14T21:00:52+00:00","dateModified":"2025-11-18T14:36:39+00:00","breadcrumb":{"@id":"https:\/\/www.afpllc.com\/fr\/produits\/pudding\/#breadcrumb"},"inLanguage":"fr-FR","potentialAction":[{"@type":"ReadAction","target":["https:\/\/www.afpllc.com\/fr\/produits\/pudding\/"]}]},{"@type":"ImageObject","inLanguage":"fr-FR","@id":"https:\/\/www.afpllc.com\/fr\/produits\/pudding\/#primaryimage","url":"https:\/\/www.afpllc.com\/wp-content\/uploads\/stuffed-pancakes-image.jpg","contentUrl":"https:\/\/www.afpllc.com\/wp-content\/uploads\/stuffed-pancakes-image.jpg","width":1920,"height":1750},{"@type":"BreadcrumbList","@id":"https:\/\/www.afpllc.com\/fr\/produits\/pudding\/#breadcrumb","itemListElement":[{"@type":"ListItem","position":1,"name":"Produits","item":"https:\/\/www.afpllc.com\/fr\/produits\/"},{"@type":"ListItem","position":2,"name":"pudding"}]},{"@type":"WebSite","@id":"https:\/\/www.afpllc.com\/fr\/#website","url":"https:\/\/www.afpllc.com\/fr\/","name":"AFP","description":"Innovative Food Solutions.","publisher":{"@id":"https:\/\/www.afpllc.com\/fr\/#organization"},"potentialAction":[{"@type":"SearchAction","target":{"@type":"EntryPoint","urlTemplate":"https:\/\/www.afpllc.com\/fr\/?s={search_term_string}"},"query-input":{"@type":"PropertyValueSpecification","valueRequired":true,"valueName":"search_term_string"}}],"inLanguage":"fr-FR"},{"@type":"Organization","@id":"https:\/\/www.afpllc.com\/fr\/#organization","name":"AFP","url":"https:\/\/www.afpllc.com\/fr\/","logo":{"@type":"ImageObject","inLanguage":"fr-FR","@id":"https:\/\/www.afpllc.com\/fr\/#\/schema\/logo\/image\/","url":"https:\/\/www.afpllc.com\/wp-content\/uploads\/2021\/11\/AFP-logo-color.svg","contentUrl":"https:\/\/www.afpllc.com\/wp-content\/uploads\/2021\/11\/AFP-logo-color.svg","width":60,"height":40,"caption":"AFP"},"image":{"@id":"https:\/\/www.afpllc.com\/fr\/#\/schema\/logo\/image\/"}}]}},"meta_box":{"afp-bs-featured-lp":"","afp-bs-featured-lp-title":"","afp-bs-featured-lp-copy":"","afp-bs-featured-cta-link":"","afp-bs-featured-cta-text":"","afp-bs-featured-lp-subtitle":"","afp-bs-featured-lp-posts":[],"afp-bs-featured-lp-posts-seemore":"","afp-bs-featured-recipes":[],"afp-bs-featured-trends":[],"afp-bs-featured-training-education":[],"afp-bs-featured-packaging-ideas":[],"afp-bs-featured-home-cta-label":"","afp-bs-more-solutions-heading":"","afp-bs-more-solutions-cta-label":"","afp-bs-more-solutions-category-label":"","afp-bs-product-featured-bs":[],"afp-pgchannels-section-title-group":[],"afp-Channels-icon":[],"afp-Channels-page-icon":[],"afp-Channels-channel-headline-group":[],"afp_calc_serving_size":"8","afp_calc_servings_per_day":"400","afp_calc_number_of_units":"3","afp-calculator":[{"afp_calc_storage":"Shelf-stable","afp_calc_shelf_life":"12 months","afp_calc_case":"6 pack","afp_calc_recipes":[{"_state":"expanded"}]}],"afp_calc_lockup":false,"afp_calc_disclaimer":"","location":[],"AFP-Contact-contact_from_shortcode":"","afp-hp-expertise-callout-title-text":"","afp-hp-expertise-callout-title-color":"","afp-hp-expertise-callout-content":"","afp-hp-expertise-callout-content-color":"","afp-hp-expertise-callouts-group":[],"afp-pgexpertise-page-icon":[],"afp-pgexpertise-expertise-headline-group":[],"afp-pgexpertise-expertise-enable-products":"","afp-pgexpertise-products-section":[],"afp-pgexpertise-content-section":[],"afp-pgexpertise-eng-product-group":[],"afp-pgexpertise-eng-productmoreinfo-group":[],"afp-pgexpertise-eng-innercontent-icon":[],"afp-pgexpertise-eng-innercontent-title":"","afp-pgexpertise-eng-innercontent-cta_text":"","afp-pgexpertise-eng-innercontent-cta_url":"","afp-pgexpertise-eng-capabilities-image":[],"afp-pgexpertise-eng-capabilities-title":"","afp-pgexpertise-eng-capabilities-content":"","mfi-mb-hero-enabled":"1","mfi-mb-hero-full-size":"0","mfi-mb-hero-height":"640","mfi-mb-hero-slide-group":[{"mfi-mb-hero-title-text":"Desserts","mfi-mb-hero-title-color":"#ffffff","mfi-mb-hero-content":"Un petit plaisir, \u00e0 tout moment de la journ\u00e9e.","mfi-mb-hero-content-color":"#ffffff","mfi-mb-hero-align-option":"text-left","mfi-mb-hero-image":["740"],"mfi-mb-hero-product-image-enabled":"1","mfi-mb-hero-product-image-style":"slice","mfi-mb-hero-product-primary-bg-color":"#67e1cf","mfi-mb-hero-product-image":["740"],"mfi-mb-hero-product-text":"PUDDING AUX BANANES AU CARAMEL SAL\u00c9","mfi-mb-hero-product-url":"\/fr\/business-solutions\/recettes\/pudding-aux-bananes-au-caramel-sale\/"}],"afp-gb--callout-icon":[],"afp-gb-afp-gb--contactbar-section-title-text":"","afp-gb-afp-gb--contactbar-section-title-color":"","afp-gb-afp-gb--contactbar-section-cta-group":[],"afp-hp-our-story-callouts-group":[],"afp-li-linkedin-interstitial-enable":"","afp-li-linkedin-interstitial-title-text":"","afp-li-linkedin-interstitial-content":"","afp-li-linkedin-interstitial-cta-text":"","afp-li-linkedin-interstitial-cta-url":"","afp-hp-section-title-group":[],"afp-hp-selected-products":[],"afp_careers_mb_intro_title":"","afp_careers_mb_intro_content":"","afp-no-cta_label":"","afp-no-nav_icon":[],"afp_ourstory_mb_history_title":"","afp_ourstory_mb_date_group":[],"afp_ourstory_mb_csr_content":"","afp_ourstory_mb_sustainability_title":"","afp_ourstory_mb_sustainability_group":[],"afp-pgproducts-category-heading-enabled":"0","afp-pgproducts-category-heading-content":"Nos desserts \u00e0 la cuill\u00e8re sont la g\u00e2terie parfaite de l\u2019apr\u00e8s-midi ou des ingr\u00e9dients pr\u00eats \u00e0 l\u2019emploi avec des emballages polyvalents et des options de marque pour r\u00e9pondre \u00e0 vos besoins.","afp-pgproducts-category-heading-image":[{"width":360,"height":230,"file":"desserts-product-lockup-1.png","sizes":{"medium":{"file":"desserts-product-lockup-1-600x360.png","width":600,"height":360,"mime-type":"image\/png","url":"https:\/\/www.afpllc.com\/wp-content\/uploads\/desserts-product-lockup-1-600x360.png"},"thumbnail":{"file":"desserts-product-lockup-1-360x230.png","width":360,"height":230,"mime-type":"image\/png","url":"https:\/\/www.afpllc.com\/wp-content\/uploads\/desserts-product-lockup-1-360x230.png"},"medium_large":{"file":"desserts-product-lockup-1-768x461.png","width":768,"height":461,"mime-type":"image\/png","url":"https:\/\/www.afpllc.com\/wp-content\/uploads\/desserts-product-lockup-1-768x461.png"},"bs-large-feature":{"file":"desserts-product-lockup-1-840x560.png","width":840,"height":560,"mime-type":"image\/png","url":"https:\/\/www.afpllc.com\/wp-content\/uploads\/desserts-product-lockup-1-840x560.png"},"bs-thumbnail":{"file":"desserts-product-lockup-1-390x260.png","width":390,"height":260,"mime-type":"image\/png","url":"https:\/\/www.afpllc.com\/wp-content\/uploads\/desserts-product-lockup-1-390x260.png"},"bs-more-thumbnail":{"file":"desserts-product-lockup-1-355x380.png","width":355,"height":380,"mime-type":"image\/png","url":"https:\/\/www.afpllc.com\/wp-content\/uploads\/desserts-product-lockup-1-355x380.png"}},"image_meta":{"aperture":"0","credit":"","camera":"","caption":"","created_timestamp":"0","copyright":"","focal_length":"0","iso":"0","shutter_speed":"0","title":"","orientation":"0","keywords":[]},"ID":"2942","name":"desserts-product-lockup-1.png","path":"\/var\/www\/vhosts\/afpllc.com\/httpdocs\/wp-content\/uploads\/desserts-product-lockup-1.png","url":"https:\/\/www.afpllc.com\/wp-content\/uploads\/desserts-product-lockup-1-360x230.png","full_url":"https:\/\/www.afpllc.com\/wp-content\/uploads\/desserts-product-lockup-1.png","title":"desserts-product-lockup","caption":"","description":"","alt":"","srcset":false}],"afp-pgproducts-category-heading-cta":[{"afp-pgproducts-product-files-cta-group":{"afp-pgproducts-product-files-cta-text":"Fiche de vente"},"afp-pgproducts-product-files-direct-file":["1032"]},{"afp-pgproducts-product-files-cta-group":{"afp-pgproducts-product-files-cta-text":"Fiche de vente pour les produits \u00e0 base de plantes"},"afp-pgproducts-product-files-direct-file":["2917"]}],"afp-pgproducts-category-multicta-group":[],"afp-pgproducts-aseptic-rows-group":[{"afp-pgproducts-aseptic-row-benefit-group":{"afp-pgproducts-aseptic-row-benefit-title-text":"Avantages de l\u2019asepsie","afp-pgproducts-aseptic-row-benefit-title-color":"#008d9b","afp-pgproducts-aseptic-benefit-icons-group":[{"afp-pgproducts-aseptic-benefit-icon":["716"],"afp-pgproducts-aseptic-benefit-icon-text":"Stabilit\u00e9 en rayon"},{"afp-pgproducts-aseptic-benefit-icon":["712"],"afp-pgproducts-aseptic-benefit-icon-text":"Longue dur\u00e9e de conservation"},{"afp-pgproducts-aseptic-benefit-icon":["704"],"afp-pgproducts-aseptic-benefit-icon-text":"Pr\u00e9servation optimale de la fra\u00eecheur et de la saveur"}]},"afp-pgproducts-aseptic-row-flavor-group":{"afp-pgproducts-aseptic-row-flavor-title-text":"Saveurs","afp-pgproducts-aseptic-flavor-group":[{"afp-pgproducts-aseptic-flavor-text":"Chocolat"},{"afp-pgproducts-aseptic-flavor-text":"Chocolat (sans sucre ajout\u00e9)*"},{"afp-pgproducts-aseptic-flavor-text":"Fondant au chocolat**"},{"afp-pgproducts-aseptic-flavor-text":"Chocolat sans graisse**"},{"afp-pgproducts-aseptic-flavor-text":"Chocolat au lait"},{"afp-pgproducts-aseptic-flavor-text":"Vanille"},{"afp-pgproducts-aseptic-flavor-text":"Vanille (sans sucre ajout\u00e9)*"},{"afp-pgproducts-aseptic-flavor-text":"Caramel au beurre"},{"afp-pgproducts-aseptic-flavor-text":"Caramel sans graisse**"},{"afp-pgproducts-aseptic-flavor-text":"Banane"},{"afp-pgproducts-aseptic-flavor-text":"Citron*"},{"afp-pgproducts-aseptic-flavor-text":"Tapioca"},{"afp-pgproducts-aseptic-flavor-text":"Riz*"},{"afp-pgproducts-aseptic-flavor-text":"Fraise et banane**"},{"afp-pgproducts-aseptic-flavor-text":"Avoine et Vanille**"},{"afp-pgproducts-aseptic-flavor-text":"Amandes au chocolat**"}]},"afp-pgproducts-aseptic-row-packaging-group":{"afp-pgproducts-aseptic-row-packaging-title-text":"Emballage du produit","afp-pgproducts-aseptic-packaging-group":[{"afp-pgproducts-aseptic-packaging-text":"Bo\u00eete de conserve de 10\u00a0oz","afp-pgproducts-aseptic-packaging-conversion":"3kg"},{"afp-pgproducts-aseptic-packaging-text":"Tasse de 3,5\u00a0oz (99\u00a0g) ","afp-pgproducts-aseptic-packaging-conversion":"\u2013 paquet de 4"},{"afp-pgproducts-aseptic-packaging-text":"*\u00a0Disponible uniquement en bo\u00eete de conserve n\u00b0\u00a010"},{"afp-pgproducts-aseptic-packaging-text":"**\u00a0Disponible uniquement en gobelet de 3,5\u00a0oz"}],"afp-pgproducts-packaging-expert-cta-group":{"afp-pgproducts-packaging-expert-cta-text":"Expertise en emballage","afp-pgproducts-packaging-expert-cta-url":"\/fr\/expertise-fr\/ingenierie-des-emballages\/"}}}],"winning_ltos":[],"sc_scam_title":"","sc_scam_content":"","infographic_headline":"","infographic_content":"","icons":[],"video_benefits":[],"facts_headline":"","facts_copy":"","facts_image":false,"facts_infographic":[],"lets_talk_headline":"","lets_talk_copy":"","lets_talk_icon":false,"bs_posts":[],"afp-bs-featured-categories":[],"mfi_pb_product_image":false,"mfi_pb_content":"","mfi_pb_cta":"","mfi_pb_cta_url":"","mfi_pb_products":[],"mfi_pb_stats_content":[],"mfi_pb_bar_title":"","mfi_pb_bar_content":"","mfi_pb_graph_image":false,"mfi_pb_more_info":"","mfi_pb_source":""},"_links":{"self":[{"href":"https:\/\/www.afpllc.com\/fr\/wp-json\/wp\/v2\/pages\/1787","targetHints":{"allow":["GET"]}}],"collection":[{"href":"https:\/\/www.afpllc.com\/fr\/wp-json\/wp\/v2\/pages"}],"about":[{"href":"https:\/\/www.afpllc.com\/fr\/wp-json\/wp\/v2\/types\/page"}],"author":[{"embeddable":true,"href":"https:\/\/www.afpllc.com\/fr\/wp-json\/wp\/v2\/users\/1"}],"replies":[{"embeddable":true,"href":"https:\/\/www.afpllc.com\/fr\/wp-json\/wp\/v2\/comments?post=1787"}],"version-history":[{"count":2,"href":"https:\/\/www.afpllc.com\/fr\/wp-json\/wp\/v2\/pages\/1787\/revisions"}],"predecessor-version":[{"id":65737,"href":"https:\/\/www.afpllc.com\/fr\/wp-json\/wp\/v2\/pages\/1787\/revisions\/65737"}],"up":[{"embeddable":true,"href":"https:\/\/www.afpllc.com\/fr\/wp-json\/wp\/v2\/pages\/1779"}],"wp:featuredmedia":[{"embeddable":true,"href":"https:\/\/www.afpllc.com\/fr\/wp-json\/wp\/v2\/media\/20701"}],"wp:attachment":[{"href":"https:\/\/www.afpllc.com\/fr\/wp-json\/wp\/v2\/media?parent=1787"}],"curies":[{"name":"wp","href":"https:\/\/api.w.org\/{rel}","templated":true}]}}