{"id":56999,"date":"2024-12-30T17:06:22","date_gmt":"2024-12-30T22:06:22","guid":{"rendered":"https:\/\/www.afpllc.com\/?page_id=56999"},"modified":"2026-04-10T10:41:45","modified_gmt":"2026-04-10T14:41:45","slug":"productos-a-base-de-plantas","status":"publish","type":"page","link":"https:\/\/www.afpllc.com\/es\/productos\/productos-a-base-de-plantas\/","title":{"rendered":"Productos a base de plantas"},"content":{"rendered":"","protected":false},"excerpt":{"rendered":"","protected":false},"author":1,"featured_media":21632,"parent":1437,"menu_order":46,"comment_status":"closed","ping_status":"closed","template":"page-product.php","meta":{"footnotes":""},"class_list":["post-56999","page","type-page","status-publish","has-post-thumbnail","hentry"],"yoast_head":"<!-- This site is optimized with the Yoast SEO plugin v26.3 - https:\/\/yoast.com\/wordpress\/plugins\/seo\/ -->\n<title>Productos a base de plantas - AFP<\/title>\n<meta name=\"robots\" content=\"index, follow, max-snippet:-1, max-image-preview:large, max-video-preview:-1\" \/>\n<link rel=\"canonical\" href=\"https:\/\/www.afpllc.com\/es\/productos\/productos-a-base-de-plantas\/\" \/>\n<meta property=\"og:locale\" content=\"es_ES\" \/>\n<meta property=\"og:type\" content=\"article\" \/>\n<meta property=\"og:title\" content=\"Productos a base de plantas - AFP\" \/>\n<meta property=\"og:url\" content=\"https:\/\/www.afpllc.com\/es\/productos\/productos-a-base-de-plantas\/\" \/>\n<meta property=\"og:site_name\" content=\"AFP\" \/>\n<meta property=\"article:modified_time\" content=\"2026-04-10T14:41:45+00:00\" \/>\n<meta property=\"og:image\" content=\"https:\/\/www.afpllc.com\/wp-content\/uploads\/Truffle_Poutine_Fries_5156.jpg\" \/>\n\t<meta property=\"og:image:width\" content=\"1920\" \/>\n\t<meta property=\"og:image:height\" content=\"1360\" \/>\n\t<meta property=\"og:image:type\" content=\"image\/jpeg\" \/>\n<meta name=\"twitter:card\" content=\"summary_large_image\" \/>\n<meta name=\"twitter:label1\" content=\"Tiempo de lectura\" \/>\n\t<meta name=\"twitter:data1\" content=\"1 minuto\" \/>\n<script type=\"application\/ld+json\" class=\"yoast-schema-graph\">{\"@context\":\"https:\/\/schema.org\",\"@graph\":[{\"@type\":\"WebPage\",\"@id\":\"https:\/\/www.afpllc.com\/es\/productos\/productos-a-base-de-plantas\/\",\"url\":\"https:\/\/www.afpllc.com\/es\/productos\/productos-a-base-de-plantas\/\",\"name\":\"Productos a base de plantas - AFP\",\"isPartOf\":{\"@id\":\"https:\/\/www.afpllc.com\/es\/#website\"},\"primaryImageOfPage\":{\"@id\":\"https:\/\/www.afpllc.com\/es\/productos\/productos-a-base-de-plantas\/#primaryimage\"},\"image\":{\"@id\":\"https:\/\/www.afpllc.com\/es\/productos\/productos-a-base-de-plantas\/#primaryimage\"},\"thumbnailUrl\":\"https:\/\/www.afpllc.com\/wp-content\/uploads\/Truffle_Poutine_Fries_5156.jpg\",\"datePublished\":\"2024-12-30T22:06:22+00:00\",\"dateModified\":\"2026-04-10T14:41:45+00:00\",\"breadcrumb\":{\"@id\":\"https:\/\/www.afpllc.com\/es\/productos\/productos-a-base-de-plantas\/#breadcrumb\"},\"inLanguage\":\"es\",\"potentialAction\":[{\"@type\":\"ReadAction\",\"target\":[\"https:\/\/www.afpllc.com\/es\/productos\/productos-a-base-de-plantas\/\"]}]},{\"@type\":\"ImageObject\",\"inLanguage\":\"es\",\"@id\":\"https:\/\/www.afpllc.com\/es\/productos\/productos-a-base-de-plantas\/#primaryimage\",\"url\":\"https:\/\/www.afpllc.com\/wp-content\/uploads\/Truffle_Poutine_Fries_5156.jpg\",\"contentUrl\":\"https:\/\/www.afpllc.com\/wp-content\/uploads\/Truffle_Poutine_Fries_5156.jpg\",\"width\":1920,\"height\":1360},{\"@type\":\"BreadcrumbList\",\"@id\":\"https:\/\/www.afpllc.com\/es\/productos\/productos-a-base-de-plantas\/#breadcrumb\",\"itemListElement\":[{\"@type\":\"ListItem\",\"position\":1,\"name\":\"Productos\",\"item\":\"https:\/\/www.afpllc.com\/es\/productos\/\"},{\"@type\":\"ListItem\",\"position\":2,\"name\":\"Productos a base de plantas\"}]},{\"@type\":\"WebSite\",\"@id\":\"https:\/\/www.afpllc.com\/es\/#website\",\"url\":\"https:\/\/www.afpllc.com\/es\/\",\"name\":\"AFP\",\"description\":\"Innovative Food Solutions.\",\"publisher\":{\"@id\":\"https:\/\/www.afpllc.com\/es\/#organization\"},\"potentialAction\":[{\"@type\":\"SearchAction\",\"target\":{\"@type\":\"EntryPoint\",\"urlTemplate\":\"https:\/\/www.afpllc.com\/es\/?s={search_term_string}\"},\"query-input\":{\"@type\":\"PropertyValueSpecification\",\"valueRequired\":true,\"valueName\":\"search_term_string\"}}],\"inLanguage\":\"es\"},{\"@type\":\"Organization\",\"@id\":\"https:\/\/www.afpllc.com\/es\/#organization\",\"name\":\"AFP\",\"url\":\"https:\/\/www.afpllc.com\/es\/\",\"logo\":{\"@type\":\"ImageObject\",\"inLanguage\":\"es\",\"@id\":\"https:\/\/www.afpllc.com\/es\/#\/schema\/logo\/image\/\",\"url\":\"https:\/\/www.afpllc.com\/wp-content\/uploads\/2021\/11\/AFP-logo-color.svg\",\"contentUrl\":\"https:\/\/www.afpllc.com\/wp-content\/uploads\/2021\/11\/AFP-logo-color.svg\",\"width\":60,\"height\":40,\"caption\":\"AFP\"},\"image\":{\"@id\":\"https:\/\/www.afpllc.com\/es\/#\/schema\/logo\/image\/\"}}]}<\/script>\n<!-- \/ Yoast SEO plugin. -->","yoast_head_json":{"title":"Productos a base de plantas - AFP","robots":{"index":"index","follow":"follow","max-snippet":"max-snippet:-1","max-image-preview":"max-image-preview:large","max-video-preview":"max-video-preview:-1"},"canonical":"https:\/\/www.afpllc.com\/es\/productos\/productos-a-base-de-plantas\/","og_locale":"es_ES","og_type":"article","og_title":"Productos a base de plantas - AFP","og_url":"https:\/\/www.afpllc.com\/es\/productos\/productos-a-base-de-plantas\/","og_site_name":"AFP","article_modified_time":"2026-04-10T14:41:45+00:00","og_image":[{"width":1920,"height":1360,"url":"https:\/\/www.afpllc.com\/wp-content\/uploads\/Truffle_Poutine_Fries_5156.jpg","type":"image\/jpeg"}],"twitter_card":"summary_large_image","twitter_misc":{"Tiempo de lectura":"1 minuto"},"schema":{"@context":"https:\/\/schema.org","@graph":[{"@type":"WebPage","@id":"https:\/\/www.afpllc.com\/es\/productos\/productos-a-base-de-plantas\/","url":"https:\/\/www.afpllc.com\/es\/productos\/productos-a-base-de-plantas\/","name":"Productos a base de plantas - AFP","isPartOf":{"@id":"https:\/\/www.afpllc.com\/es\/#website"},"primaryImageOfPage":{"@id":"https:\/\/www.afpllc.com\/es\/productos\/productos-a-base-de-plantas\/#primaryimage"},"image":{"@id":"https:\/\/www.afpllc.com\/es\/productos\/productos-a-base-de-plantas\/#primaryimage"},"thumbnailUrl":"https:\/\/www.afpllc.com\/wp-content\/uploads\/Truffle_Poutine_Fries_5156.jpg","datePublished":"2024-12-30T22:06:22+00:00","dateModified":"2026-04-10T14:41:45+00:00","breadcrumb":{"@id":"https:\/\/www.afpllc.com\/es\/productos\/productos-a-base-de-plantas\/#breadcrumb"},"inLanguage":"es","potentialAction":[{"@type":"ReadAction","target":["https:\/\/www.afpllc.com\/es\/productos\/productos-a-base-de-plantas\/"]}]},{"@type":"ImageObject","inLanguage":"es","@id":"https:\/\/www.afpllc.com\/es\/productos\/productos-a-base-de-plantas\/#primaryimage","url":"https:\/\/www.afpllc.com\/wp-content\/uploads\/Truffle_Poutine_Fries_5156.jpg","contentUrl":"https:\/\/www.afpllc.com\/wp-content\/uploads\/Truffle_Poutine_Fries_5156.jpg","width":1920,"height":1360},{"@type":"BreadcrumbList","@id":"https:\/\/www.afpllc.com\/es\/productos\/productos-a-base-de-plantas\/#breadcrumb","itemListElement":[{"@type":"ListItem","position":1,"name":"Productos","item":"https:\/\/www.afpllc.com\/es\/productos\/"},{"@type":"ListItem","position":2,"name":"Productos a base de plantas"}]},{"@type":"WebSite","@id":"https:\/\/www.afpllc.com\/es\/#website","url":"https:\/\/www.afpllc.com\/es\/","name":"AFP","description":"Innovative Food Solutions.","publisher":{"@id":"https:\/\/www.afpllc.com\/es\/#organization"},"potentialAction":[{"@type":"SearchAction","target":{"@type":"EntryPoint","urlTemplate":"https:\/\/www.afpllc.com\/es\/?s={search_term_string}"},"query-input":{"@type":"PropertyValueSpecification","valueRequired":true,"valueName":"search_term_string"}}],"inLanguage":"es"},{"@type":"Organization","@id":"https:\/\/www.afpllc.com\/es\/#organization","name":"AFP","url":"https:\/\/www.afpllc.com\/es\/","logo":{"@type":"ImageObject","inLanguage":"es","@id":"https:\/\/www.afpllc.com\/es\/#\/schema\/logo\/image\/","url":"https:\/\/www.afpllc.com\/wp-content\/uploads\/2021\/11\/AFP-logo-color.svg","contentUrl":"https:\/\/www.afpllc.com\/wp-content\/uploads\/2021\/11\/AFP-logo-color.svg","width":60,"height":40,"caption":"AFP"},"image":{"@id":"https:\/\/www.afpllc.com\/es\/#\/schema\/logo\/image\/"}}]}},"meta_box":{"afp-bs-featured-lp":"","afp-bs-featured-lp-title":"","afp-bs-featured-lp-copy":"","afp-bs-featured-cta-link":"","afp-bs-featured-cta-text":"","afp-bs-featured-lp-subtitle":"","afp-bs-featured-lp-posts":[],"afp-bs-featured-lp-posts-seemore":"","afp-bs-featured-recipes":[],"afp-bs-featured-trends":[],"afp-bs-featured-training-education":[],"afp-bs-featured-packaging-ideas":[],"afp-bs-featured-home-cta-label":"","afp-bs-more-solutions-heading":"","afp-bs-more-solutions-cta-label":"","afp-bs-more-solutions-category-label":"","afp-bs-product-featured-bs":[],"afp-pgchannels-section-title-group":[],"afp-Channels-icon":[],"afp-Channels-page-icon":[],"afp-Channels-channel-headline-group":[],"afp_calc_serving_size":"8","afp_calc_servings_per_day":"400","afp_calc_number_of_units":"3","afp-calculator":[{"afp_calc_storage":"Shelf-stable","afp_calc_shelf_life":"12 months","afp_calc_case":"6 pack","afp_calc_recipes":[{"_state":"expanded"}]}],"afp_calc_lockup":false,"afp_calc_disclaimer":"","location":[],"AFP-Contact-contact_from_shortcode":"","afp-hp-expertise-callout-title-text":"","afp-hp-expertise-callout-title-color":"","afp-hp-expertise-callout-content":"","afp-hp-expertise-callout-content-color":"","afp-hp-expertise-callouts-group":[],"afp-pgexpertise-page-icon":[],"afp-pgexpertise-expertise-headline-group":[],"afp-pgexpertise-expertise-enable-products":"","afp-pgexpertise-products-section":[],"afp-pgexpertise-content-section":[],"afp-pgexpertise-eng-product-group":[],"afp-pgexpertise-eng-productmoreinfo-group":[],"afp-pgexpertise-eng-innercontent-icon":[],"afp-pgexpertise-eng-innercontent-title":"","afp-pgexpertise-eng-innercontent-cta_text":"","afp-pgexpertise-eng-innercontent-cta_url":"","afp-pgexpertise-eng-capabilities-image":[],"afp-pgexpertise-eng-capabilities-title":"","afp-pgexpertise-eng-capabilities-content":"","mfi-mb-hero-enabled":"1","mfi-mb-hero-full-size":"0","mfi-mb-hero-height":"640","mfi-mb-hero-slide-group":[{"mfi-mb-hero-title-text":"Productos a base de plantas","mfi-mb-hero-content":"Saque partido de la tendencia. Cree nuevas ofertas en todo su men\u00fa.","mfi-mb-hero-align-option":"text-left","mfi-mb-hero-product-image-enabled":"1","mfi-mb-hero-product-image-style":"slice","mfi-mb-hero-product-primary-bg-color":"#67e1cf","mfi-mb-hero-product-image":["21632"],"mfi-mb-hero-product-text":"Poutine a base de plantas con papas fritas trufadas","mfi-mb-hero-product-url":"\/business-solutions\/recipes\/plant-based-poutine-truffle-fries\/"}],"afp-gb--callout-icon":[],"afp-gb-afp-gb--contactbar-section-title-text":"","afp-gb-afp-gb--contactbar-section-title-color":"","afp-gb-afp-gb--contactbar-section-cta-group":[],"afp-hp-our-story-callouts-group":[],"afp-li-linkedin-interstitial-enable":"","afp-li-linkedin-interstitial-title-text":"","afp-li-linkedin-interstitial-content":"","afp-li-linkedin-interstitial-cta-text":"","afp-li-linkedin-interstitial-cta-url":"","afp-hp-section-title-group":[],"afp-hp-selected-products":[],"afp_careers_mb_intro_title":"","afp_careers_mb_intro_content":"","afp-no-cta_label":"","afp-no-nav_icon":[],"afp_ourstory_mb_history_title":"","afp_ourstory_mb_date_group":[],"afp_ourstory_mb_csr_content":"","afp_ourstory_mb_sustainability_title":"","afp_ourstory_mb_sustainability_group":[],"afp-pgproducts-category-heading-enabled":"0","afp-pgproducts-category-heading-content":"Conforme sigue creciendo y evolucionando la demanda de productos a base de plantas, estamos aqu\u00ed para asegurarnos de que siempre tenga lo que sus clientes quieren. Nuestros productos a base de plantas, desde salsas de queso hasta ricos pudines y salsas, satisfacen los antojos sin necesidad de productos l\u00e1cteos.","afp-pgproducts-category-heading-image":[{"width":360,"height":230,"file":"plant-based-prod-lockup-1.png","filesize":72491,"sizes":{"medium":{"file":"plant-based-prod-lockup-1-600x444.png","width":600,"height":444,"mime-type":"image\/png","filesize":244918,"url":"https:\/\/www.afpllc.com\/wp-content\/uploads\/plant-based-prod-lockup-1-600x444.png"},"thumbnail":{"file":"plant-based-prod-lockup-1-360x230.png","width":360,"height":230,"mime-type":"image\/png","filesize":90607,"url":"https:\/\/www.afpllc.com\/wp-content\/uploads\/plant-based-prod-lockup-1-360x230.png"},"bs-thumbnail":{"file":"plant-based-prod-lockup-1-390x260.png","width":390,"height":260,"mime-type":"image\/png","filesize":108730,"url":"https:\/\/www.afpllc.com\/wp-content\/uploads\/plant-based-prod-lockup-1-390x260.png"},"bs-more-thumbnail":{"file":"plant-based-prod-lockup-1-355x380.png","width":355,"height":380,"mime-type":"image\/png","filesize":129956,"url":"https:\/\/www.afpllc.com\/wp-content\/uploads\/plant-based-prod-lockup-1-355x380.png"}},"image_meta":{"aperture":"0","credit":"","camera":"","caption":"","created_timestamp":"0","copyright":"","focal_length":"0","iso":"0","shutter_speed":"0","title":"","orientation":"0","keywords":[]},"ID":"21633","name":"plant-based-prod-lockup-1.png","path":"\/var\/www\/vhosts\/afpllc.com\/httpdocs\/wp-content\/uploads\/plant-based-prod-lockup-1.png","url":"https:\/\/www.afpllc.com\/wp-content\/uploads\/plant-based-prod-lockup-1-360x230.png","full_url":"https:\/\/www.afpllc.com\/wp-content\/uploads\/plant-based-prod-lockup-1.png","title":"plant-based-prod-lockup (1)","caption":"","description":"","alt":"","srcset":false}],"afp-pgproducts-category-heading-cta":[{"afp-pgproducts-product-files-icon":["21404"],"afp-pgproducts-product-files-cta-group":{"afp-pgproducts-product-files-cta-text":"Cartera de productos","afp-pgproducts-product-files-cta-url":"\/wp-content\/uploads\/AFP_Product_Brochure_2025_LR-1.pdf","afp-pgproducts-product-files-cta-target":"1"}}],"afp-pgproducts-category-multicta-group":{"afp-pgproducts-multi-cta-text":"Descargar una hoja de ventas","afp-pgproducts-multi-cta-group":[{"afp-pgproducts-product-files-cta-group":{"afp-pgproducts-product-files-cta-text":"Salsa de queso a base de plantas","afp-pgproducts-product-files-cta-url":"\/wp-content\/uploads\/AFP_SellSheet_PBCS_OCT2022_LR.pdf","afp-pgproducts-product-files-cta-target":"1"}},{"afp-pgproducts-product-files-cta-group":{"afp-pgproducts-product-files-cta-text":"Salsas y productos para untar","afp-pgproducts-product-files-cta-url":"\/wp-content\/uploads\/AFP_SellSheet_OCT2022_Dips-LR.pdf","afp-pgproducts-product-files-cta-target":"1"}},{"afp-pgproducts-product-files-cta-group":{"afp-pgproducts-product-files-cta-text":"Salsas y productos para untar: Relleno caliente","afp-pgproducts-product-files-cta-url":"\/wp-content\/uploads\/AFP_SellSheet_OCT2022_SingleServe_LR.pdf","afp-pgproducts-product-files-cta-target":"1"}},{"afp-pgproducts-product-files-cta-group":{"afp-pgproducts-product-files-cta-text":"Pud\u00edn a base de plantas","afp-pgproducts-product-files-cta-url":"\/wp-content\/uploads\/AFP_SellSheet_OCT2022_Plant-Based_Desserts-LR.pdf","afp-pgproducts-product-files-cta-target":"1"}}]},"afp-pgproducts-aseptic-rows-group":[{"afp-pgproducts-aseptic-head-group":{"afp-pgproducts-category-aseptic-title-text":"Salsa de queso a base de plantas"},"afp-pgproducts-aseptic-row-benefit-group":{"afp-pgproducts-aseptic-row-benefit-title-text":"Con un delicioso sabor a queso","afp-pgproducts-aseptic-benefit-full-width":"1","afp-pgproducts-aseptic-benefit-icons-group":[{"afp-pgproducts-aseptic-benefit-icon":["21657"],"afp-pgproducts-aseptic-benefit-icon-text":"Cerca del 41 % de los milenials y la generaci\u00f3n Z esperan ver opciones a base de plantas en un men\u00fa.","afp-pgproducts-aseptic-benefit-icon-note":"Report PRO de Datassential 2023 sobre alimentos a base de plantas"},{"afp-pgproducts-aseptic-benefit-icon":["21637"],"afp-pgproducts-aseptic-benefit-icon-text":"Las opciones con queso a base de plantas han aumentado un 22 % en los men\u00fas en los \u00faltimos 12 meses.","afp-pgproducts-aseptic-benefit-icon-note":"Datos sobre los men\u00fas de SNAP! de Dataessential 2022"}]},"afp-pgproducts-aseptic-row-flavor-group":{"afp-pgproducts-aseptic-row-flavor-title-text":"Deliciosos sabores","afp-pgproducts-aseptic-flavor-group":[{"afp-pgproducts-aseptic-flavor-text":"Estilo cheddar","afp-pgproducts-aseptic-flavor-plantbased":"1"},{"afp-pgproducts-aseptic-flavor-text":"Estilo nacho","afp-pgproducts-aseptic-flavor-plantbased":"1"}]},"afp-pgproducts-aseptic-row-packaging-group":{"afp-pgproducts-aseptic-row-packaging-title-text":"Envasado de productos","afp-pgproducts-aseptic-packaging-group":[{"afp-pgproducts-aseptic-packaging-text":"Bolsa de 60 oz"}],"afp-pgproducts-packaging-expert-cta-group":{"afp-pgproducts-packaging-expert-cta-text":"Expertos en envasado","afp-pgproducts-packaging-expert-cta-url":"\/expertise\/package-engineering\/"}}},{"afp-pgproducts-aseptic-head-group":{"afp-pgproducts-category-aseptic-title-text":"Salsas y productos para untar a base de plantas"},"afp-pgproducts-aseptic-row-benefit-group":{"afp-pgproducts-aseptic-row-benefit-title-text":"C\u00f3mo captar m\u00e1s demanda","afp-pgproducts-aseptic-benefit-full-width":"1","afp-pgproducts-aseptic-benefit-icons-group":[{"afp-pgproducts-aseptic-benefit-icon":["21641"],"afp-pgproducts-aseptic-benefit-icon-text":"Hasta el 77 % de los consumidores est\u00e1n interesados en ofertas de tiempo limitado que ofrezcan interpretaciones creativas de platos conocidos.","afp-pgproducts-aseptic-benefit-icon-note":"Informes de fundamentos de Datassential: Salsas, condimentos y aderezos. Julio de 2022"},{"afp-pgproducts-aseptic-benefit-icon":["21645"],"afp-pgproducts-aseptic-benefit-icon-text":"Si se ofrece guacamole como guarnici\u00f3n, el precio del men\u00fa aumenta un 5 %.","afp-pgproducts-aseptic-benefit-icon-note":"SEP Technomic Ignite 2021"}]},"afp-pgproducts-aseptic-row-flavor-group":{"afp-pgproducts-aseptic-row-flavor-title-text":"Deliciosos sabores","afp-pgproducts-aseptic-flavor-group":[{"afp-pgproducts-aseptic-flavor-text":"Estilo guacamole","afp-pgproducts-aseptic-flavor-plantbased":"1"},{"afp-pgproducts-aseptic-flavor-text":"Frijoles negros del sudoeste","afp-pgproducts-aseptic-flavor-plantbased":"1"},{"afp-pgproducts-aseptic-flavor-text":"Hummus mediterr\u00e1neo","afp-pgproducts-aseptic-flavor-plantbased":"1"}]},"afp-pgproducts-aseptic-row-packaging-group":{"afp-pgproducts-aseptic-row-packaging-title-text":"Product Packaging","afp-pgproducts-aseptic-packaging-group":[{"afp-pgproducts-aseptic-packaging-text":"Lata de 8.5-9 oz","afp-pgproducts-aseptic-packaging-conversion":"(250-255g)"},{"afp-pgproducts-aseptic-packaging-text":" Taza de pl\u00e1stico de 15 oz","afp-pgproducts-aseptic-packaging-conversion":"(425g)"},{"afp-pgproducts-aseptic-packaging-text":" Taza de 3.7-3.8 oz","afp-pgproducts-aseptic-packaging-conversion":"(104-107g)"}],"afp-pgproducts-packaging-expert-cta-group":{"afp-pgproducts-packaging-expert-cta-text":"Expertos en envasado","afp-pgproducts-packaging-expert-cta-url":"\/expertise\/package-engineering\/"}}},{"afp-pgproducts-aseptic-head-group":{"afp-pgproducts-category-aseptic-title-text":"Pud\u00edn a base de plantas"},"afp-pgproducts-aseptic-row-benefit-group":{"afp-pgproducts-aseptic-row-benefit-title-text":"Cu\u00e1nta dulzura","afp-pgproducts-aseptic-benefit-full-width":"1","afp-pgproducts-aseptic-benefit-icons-group":[{"afp-pgproducts-aseptic-benefit-icon":["21649"],"afp-pgproducts-aseptic-benefit-icon-text":"Entre los operadores que ofrecen postres, el 22 % se\u00f1ala un aumento de las ventas de pud\u00edn.","afp-pgproducts-aseptic-benefit-icon-note":"Fundamentos sobre postres de SNAP! 2023"},{"afp-pgproducts-aseptic-benefit-icon":["21653"],"afp-pgproducts-aseptic-benefit-icon-text":"Los productos l\u00e1cteos a base de avena han aumentado un 350 % en los men\u00fas.","afp-pgproducts-aseptic-benefit-icon-note":"IRI Synd_Monthly_Cat_MA. Total en EE. UU. - MULO, L52W con fecha de cierre del 1\/24\/21, Supermarket News"}]},"afp-pgproducts-aseptic-row-flavor-group":{"afp-pgproducts-aseptic-row-flavor-title-text":"Deliciosos sabores","afp-pgproducts-aseptic-flavor-group":[{"afp-pgproducts-aseptic-flavor-text":"Almendras y chocolate","afp-pgproducts-aseptic-flavor-plantbased":"1"},{"afp-pgproducts-aseptic-flavor-text":"Avena y vainilla","afp-pgproducts-aseptic-flavor-plantbased":"1"}]},"afp-pgproducts-aseptic-row-packaging-group":{"afp-pgproducts-aseptic-row-packaging-title-text":"Envasado de productos","afp-pgproducts-aseptic-packaging-group":[{"afp-pgproducts-aseptic-packaging-text":"3.5 oz","afp-pgproducts-aseptic-packaging-conversion":"(99g)"},{"afp-pgproducts-aseptic-packaging-text":" paquete de 4 tazas"}],"afp-pgproducts-packaging-expert-cta-group":{"afp-pgproducts-packaging-expert-cta-text":"Expertos en envasado","afp-pgproducts-packaging-expert-cta-url":"\/expertise\/package-engineering\/"},"afp-pgproducts-aseptic-packaging-footnote":"Formulaciones personalizadas disponibles. Se necesita un volumen de producci\u00f3n m\u00ednimo."}}],"winning_ltos":[],"sc_scam_title":"","sc_scam_content":"","infographic_headline":"","infographic_content":"","icons":[],"video_benefits":[],"facts_headline":"","facts_copy":"","facts_image":false,"facts_infographic":[],"lets_talk_headline":"","lets_talk_copy":"","lets_talk_icon":false,"bs_posts":[],"afp-bs-featured-categories":[],"mfi_pb_product_image":false,"mfi_pb_content":"","mfi_pb_cta":"","mfi_pb_cta_url":"","mfi_pb_products":[],"mfi_pb_stats_content":[],"mfi_pb_bar_title":"","mfi_pb_bar_content":"","mfi_pb_graph_image":false,"mfi_pb_more_info":"","mfi_pb_source":""},"_links":{"self":[{"href":"https:\/\/www.afpllc.com\/es\/wp-json\/wp\/v2\/pages\/56999","targetHints":{"allow":["GET"]}}],"collection":[{"href":"https:\/\/www.afpllc.com\/es\/wp-json\/wp\/v2\/pages"}],"about":[{"href":"https:\/\/www.afpllc.com\/es\/wp-json\/wp\/v2\/types\/page"}],"author":[{"embeddable":true,"href":"https:\/\/www.afpllc.com\/es\/wp-json\/wp\/v2\/users\/1"}],"replies":[{"embeddable":true,"href":"https:\/\/www.afpllc.com\/es\/wp-json\/wp\/v2\/comments?post=56999"}],"version-history":[{"count":1,"href":"https:\/\/www.afpllc.com\/es\/wp-json\/wp\/v2\/pages\/56999\/revisions"}],"predecessor-version":[{"id":57000,"href":"https:\/\/www.afpllc.com\/es\/wp-json\/wp\/v2\/pages\/56999\/revisions\/57000"}],"up":[{"embeddable":true,"href":"https:\/\/www.afpllc.com\/es\/wp-json\/wp\/v2\/pages\/1437"}],"wp:featuredmedia":[{"embeddable":true,"href":"https:\/\/www.afpllc.com\/es\/wp-json\/wp\/v2\/media\/21632"}],"wp:attachment":[{"href":"https:\/\/www.afpllc.com\/es\/wp-json\/wp\/v2\/media?parent=56999"}],"curies":[{"name":"wp","href":"https:\/\/api.w.org\/{rel}","templated":true}]}}