{"id":122,"date":"2021-07-20T18:11:41","date_gmt":"2021-07-20T18:11:41","guid":{"rendered":"https:\/\/www.afpllc.com\/contact-us\/"},"modified":"2025-12-09T16:09:41","modified_gmt":"2025-12-09T21:09:41","slug":"contacto","status":"publish","type":"page","link":"https:\/\/www.afpllc.com\/es\/contacto\/","title":{"rendered":"Contacto"},"content":{"rendered":"<p>P\u00f3ngase en contacto para que podamos comenzar la traves\u00eda hacia una asociaci\u00f3n exitosa.<\/p>\n","protected":false},"excerpt":{"rendered":"<p>P\u00f3ngase en contacto para que podamos comenzar la traves\u00eda hacia una asociaci\u00f3n exitosa.<\/p>\n","protected":false},"author":1,"featured_media":0,"parent":0,"menu_order":140,"comment_status":"closed","ping_status":"closed","template":"page-contact-us.php","meta":{"footnotes":""},"class_list":["post-122","page","type-page","status-publish","hentry"],"yoast_head":"<!-- This site is optimized with the Yoast SEO plugin v26.3 - https:\/\/yoast.com\/wordpress\/plugins\/seo\/ -->\n<title>Contacto - AFP<\/title>\n<meta name=\"robots\" content=\"index, follow, max-snippet:-1, max-image-preview:large, max-video-preview:-1\" \/>\n<link rel=\"canonical\" href=\"https:\/\/www.afpllc.com\/es\/contacto\/\" \/>\n<meta property=\"og:locale\" content=\"es_ES\" \/>\n<meta property=\"og:type\" content=\"article\" \/>\n<meta property=\"og:title\" content=\"Contacto - AFP\" \/>\n<meta property=\"og:description\" content=\"P\u00f3ngase en contacto para que podamos comenzar la traves\u00eda hacia una asociaci\u00f3n exitosa.\" \/>\n<meta property=\"og:url\" content=\"https:\/\/www.afpllc.com\/es\/contacto\/\" \/>\n<meta property=\"og:site_name\" content=\"AFP\" \/>\n<meta property=\"article:modified_time\" content=\"2025-12-09T21:09:41+00:00\" \/>\n<meta name=\"twitter:card\" content=\"summary_large_image\" \/>\n<meta name=\"twitter:label1\" content=\"Tiempo de lectura\" \/>\n\t<meta name=\"twitter:data1\" content=\"1 minuto\" \/>\n<script type=\"application\/ld+json\" class=\"yoast-schema-graph\">{\"@context\":\"https:\/\/schema.org\",\"@graph\":[{\"@type\":\"WebPage\",\"@id\":\"https:\/\/www.afpllc.com\/es\/contacto\/\",\"url\":\"https:\/\/www.afpllc.com\/es\/contacto\/\",\"name\":\"Contacto - AFP\",\"isPartOf\":{\"@id\":\"https:\/\/www.afpllc.com\/es\/#website\"},\"datePublished\":\"2021-07-20T18:11:41+00:00\",\"dateModified\":\"2025-12-09T21:09:41+00:00\",\"inLanguage\":\"es\",\"potentialAction\":[{\"@type\":\"ReadAction\",\"target\":[\"https:\/\/www.afpllc.com\/es\/contacto\/\"]}]},{\"@type\":\"WebSite\",\"@id\":\"https:\/\/www.afpllc.com\/es\/#website\",\"url\":\"https:\/\/www.afpllc.com\/es\/\",\"name\":\"AFP\",\"description\":\"Innovative Food Solutions.\",\"publisher\":{\"@id\":\"https:\/\/www.afpllc.com\/es\/#organization\"},\"potentialAction\":[{\"@type\":\"SearchAction\",\"target\":{\"@type\":\"EntryPoint\",\"urlTemplate\":\"https:\/\/www.afpllc.com\/es\/?s={search_term_string}\"},\"query-input\":{\"@type\":\"PropertyValueSpecification\",\"valueRequired\":true,\"valueName\":\"search_term_string\"}}],\"inLanguage\":\"es\"},{\"@type\":\"Organization\",\"@id\":\"https:\/\/www.afpllc.com\/es\/#organization\",\"name\":\"AFP\",\"url\":\"https:\/\/www.afpllc.com\/es\/\",\"logo\":{\"@type\":\"ImageObject\",\"inLanguage\":\"es\",\"@id\":\"https:\/\/www.afpllc.com\/es\/#\/schema\/logo\/image\/\",\"url\":\"https:\/\/www.afpllc.com\/wp-content\/uploads\/2021\/11\/AFP-logo-color.svg\",\"contentUrl\":\"https:\/\/www.afpllc.com\/wp-content\/uploads\/2021\/11\/AFP-logo-color.svg\",\"width\":60,\"height\":40,\"caption\":\"AFP\"},\"image\":{\"@id\":\"https:\/\/www.afpllc.com\/es\/#\/schema\/logo\/image\/\"}}]}<\/script>\n<!-- \/ Yoast SEO plugin. -->","yoast_head_json":{"title":"Contacto - AFP","robots":{"index":"index","follow":"follow","max-snippet":"max-snippet:-1","max-image-preview":"max-image-preview:large","max-video-preview":"max-video-preview:-1"},"canonical":"https:\/\/www.afpllc.com\/es\/contacto\/","og_locale":"es_ES","og_type":"article","og_title":"Contacto - AFP","og_description":"P\u00f3ngase en contacto para que podamos comenzar la traves\u00eda hacia una asociaci\u00f3n exitosa.","og_url":"https:\/\/www.afpllc.com\/es\/contacto\/","og_site_name":"AFP","article_modified_time":"2025-12-09T21:09:41+00:00","twitter_card":"summary_large_image","twitter_misc":{"Tiempo de lectura":"1 minuto"},"schema":{"@context":"https:\/\/schema.org","@graph":[{"@type":"WebPage","@id":"https:\/\/www.afpllc.com\/es\/contacto\/","url":"https:\/\/www.afpllc.com\/es\/contacto\/","name":"Contacto - AFP","isPartOf":{"@id":"https:\/\/www.afpllc.com\/es\/#website"},"datePublished":"2021-07-20T18:11:41+00:00","dateModified":"2025-12-09T21:09:41+00:00","inLanguage":"es","potentialAction":[{"@type":"ReadAction","target":["https:\/\/www.afpllc.com\/es\/contacto\/"]}]},{"@type":"WebSite","@id":"https:\/\/www.afpllc.com\/es\/#website","url":"https:\/\/www.afpllc.com\/es\/","name":"AFP","description":"Innovative Food Solutions.","publisher":{"@id":"https:\/\/www.afpllc.com\/es\/#organization"},"potentialAction":[{"@type":"SearchAction","target":{"@type":"EntryPoint","urlTemplate":"https:\/\/www.afpllc.com\/es\/?s={search_term_string}"},"query-input":{"@type":"PropertyValueSpecification","valueRequired":true,"valueName":"search_term_string"}}],"inLanguage":"es"},{"@type":"Organization","@id":"https:\/\/www.afpllc.com\/es\/#organization","name":"AFP","url":"https:\/\/www.afpllc.com\/es\/","logo":{"@type":"ImageObject","inLanguage":"es","@id":"https:\/\/www.afpllc.com\/es\/#\/schema\/logo\/image\/","url":"https:\/\/www.afpllc.com\/wp-content\/uploads\/2021\/11\/AFP-logo-color.svg","contentUrl":"https:\/\/www.afpllc.com\/wp-content\/uploads\/2021\/11\/AFP-logo-color.svg","width":60,"height":40,"caption":"AFP"},"image":{"@id":"https:\/\/www.afpllc.com\/es\/#\/schema\/logo\/image\/"}}]}},"meta_box":{"afp-bs-featured-lp":"","afp-bs-featured-lp-title":"","afp-bs-featured-lp-copy":"","afp-bs-featured-cta-link":"","afp-bs-featured-cta-text":"","afp-bs-featured-lp-subtitle":"","afp-bs-featured-lp-posts":[],"afp-bs-featured-lp-posts-seemore":"","afp-bs-featured-recipes":[],"afp-bs-featured-trends":[],"afp-bs-featured-training-education":[],"afp-bs-featured-packaging-ideas":[],"afp-bs-featured-home-cta-label":"","afp-bs-more-solutions-heading":"","afp-bs-more-solutions-cta-label":"","afp-bs-more-solutions-category-label":"","afp-bs-product-featured-bs":[],"afp-pgchannels-section-title-group":[],"afp-Channels-icon":[],"afp-Channels-page-icon":[],"afp-Channels-channel-headline-group":[],"afp_calc_serving_size":"8","afp_calc_servings_per_day":"400","afp_calc_number_of_units":"3","afp-calculator":[{"afp_calc_storage":"Shelf-stable","afp_calc_shelf_life":"12 months","afp_calc_case":"6 pack","afp_calc_recipes":[{"_state":"expanded"}]}],"afp_calc_lockup":false,"afp_calc_disclaimer":"","location":[{"AFP-Contact-location":"New Holland, PA","AFP-Contact-phone":"717.355.8500 Ext. 422","AFP-Contact-fax":"717.355.8424","AFP-Contact-icon":["2212"]},{"AFP-Contact-location":"Clear Lake, WI","AFP-Contact-phone":"715.263.2957 Ext. 127","AFP-Contact-fax":"715.263.3693","AFP-Contact-icon":["2208"]},{"AFP-Contact-location":"Visalia, CA","AFP-Contact-phone":"717.355.8465","AFP-Contact-fax":"717.355.8424","AFP-Contact-icon":["2216"]},{"AFP-Contact-location":"Servicio al cliente de dispensadores","AFP-Contact-phone":"715.263.2956 Ext. 150"}],"AFP-Contact-contact_from_shortcode":"[contact-form-7 id=\"615\" title=\"Contact Us Form\"]","afp-hp-expertise-callout-title-text":"","afp-hp-expertise-callout-title-color":"","afp-hp-expertise-callout-content":"","afp-hp-expertise-callout-content-color":"","afp-hp-expertise-callouts-group":[],"afp-pgexpertise-page-icon":[],"afp-pgexpertise-expertise-headline-group":[],"afp-pgexpertise-expertise-enable-products":"","afp-pgexpertise-products-section":[],"afp-pgexpertise-content-section":[],"afp-pgexpertise-eng-product-group":[],"afp-pgexpertise-eng-productmoreinfo-group":[],"afp-pgexpertise-eng-innercontent-icon":[],"afp-pgexpertise-eng-innercontent-title":"","afp-pgexpertise-eng-innercontent-cta_text":"","afp-pgexpertise-eng-innercontent-cta_url":"","afp-pgexpertise-eng-capabilities-image":[],"afp-pgexpertise-eng-capabilities-title":"","afp-pgexpertise-eng-capabilities-content":"","mfi-mb-hero-enabled":"0","mfi-mb-hero-full-size":"0","mfi-mb-hero-height":"","mfi-mb-hero-slide-group":[{"mfi-mb-hero-align-option":"text-left","mfi-mb-hero-product-image-style":"overlap"}],"afp-gb--callout-icon":[{"width":125,"height":125,"file":"\/callout-contact-us-1.svg","sizes":{"thumbnail":{"width":"360","height":"230","crop":"1","file":"callout-contact-us-1.svg","mime-type":"image\/svg+xml","url":"https:\/\/www.afpllc.com\/wp-content\/uploads\/callout-contact-us-1.svg"},"medium":{"width":"600","height":"600","crop":false,"file":"callout-contact-us-1.svg","mime-type":"image\/svg+xml","url":"https:\/\/www.afpllc.com\/wp-content\/uploads\/callout-contact-us-1.svg"},"medium_large":{"width":"768","height":"0","crop":false,"file":"callout-contact-us-1.svg","mime-type":"image\/svg+xml","url":"https:\/\/www.afpllc.com\/wp-content\/uploads\/callout-contact-us-1.svg"},"large":{"width":"1024","height":"1024","crop":false,"file":"callout-contact-us-1.svg","mime-type":"image\/svg+xml","url":"https:\/\/www.afpllc.com\/wp-content\/uploads\/callout-contact-us-1.svg"},"bs-large-feature":{"width":840,"height":560,"crop":1,"file":"callout-contact-us-1.svg","mime-type":"image\/svg+xml","url":"https:\/\/www.afpllc.com\/wp-content\/uploads\/callout-contact-us-1.svg"},"bs-thumbnail":{"width":390,"height":260,"crop":1,"file":"callout-contact-us-1.svg","mime-type":"image\/svg+xml","url":"https:\/\/www.afpllc.com\/wp-content\/uploads\/callout-contact-us-1.svg"},"bs-more-thumbnail":{"width":355,"height":380,"crop":1,"file":"callout-contact-us-1.svg","mime-type":"image\/svg+xml","url":"https:\/\/www.afpllc.com\/wp-content\/uploads\/callout-contact-us-1.svg"},"1536x1536":{"width":1536,"height":1536,"crop":0,"file":"callout-contact-us-1.svg","mime-type":"image\/svg+xml","url":"https:\/\/www.afpllc.com\/wp-content\/uploads\/callout-contact-us-1.svg"},"2048x2048":{"width":2048,"height":2048,"crop":0,"file":"callout-contact-us-1.svg","mime-type":"image\/svg+xml","url":"https:\/\/www.afpllc.com\/wp-content\/uploads\/callout-contact-us-1.svg"}},"ID":"2341","name":"callout-contact-us-1.svg","path":"\/var\/www\/vhosts\/afpllc.com\/httpdocs\/wp-content\/uploads\/callout-contact-us-1.svg","url":"https:\/\/www.afpllc.com\/wp-content\/uploads\/callout-contact-us-1.svg","full_url":"https:\/\/www.afpllc.com\/wp-content\/uploads\/callout-contact-us-1.svg","title":"callout-contact-us","caption":"","description":"","alt":"advanced food products afp contact us","srcset":false}],"afp-gb-afp-gb--contactbar-section-title-text":"","afp-gb-afp-gb--contactbar-section-title-color":"","afp-gb-afp-gb--contactbar-section-cta-group":[],"afp-hp-our-story-callouts-group":[],"afp-li-linkedin-interstitial-enable":"","afp-li-linkedin-interstitial-title-text":"","afp-li-linkedin-interstitial-content":"","afp-li-linkedin-interstitial-cta-text":"","afp-li-linkedin-interstitial-cta-url":"","afp-hp-section-title-group":[],"afp-hp-selected-products":[],"afp_careers_mb_intro_title":"","afp_careers_mb_intro_content":"","afp-no-cta_label":"","afp-no-nav_icon":[],"afp_ourstory_mb_history_title":"","afp_ourstory_mb_date_group":[],"afp_ourstory_mb_csr_content":"","afp_ourstory_mb_sustainability_title":"","afp_ourstory_mb_sustainability_group":[],"afp-pgproducts-category-heading-enabled":"","afp-pgproducts-category-heading-content":"","afp-pgproducts-category-heading-image":[],"afp-pgproducts-category-heading-cta":[],"afp-pgproducts-category-multicta-group":[],"afp-pgproducts-aseptic-rows-group":[],"winning_ltos":[],"sc_scam_title":"","sc_scam_content":"","infographic_headline":"","infographic_content":"","icons":[],"video_benefits":[],"facts_headline":"","facts_copy":"","facts_image":false,"facts_infographic":[],"lets_talk_headline":"","lets_talk_copy":"","lets_talk_icon":false,"bs_posts":[],"afp-bs-featured-categories":[],"mfi_pb_product_image":false,"mfi_pb_content":"","mfi_pb_cta":"","mfi_pb_cta_url":"","mfi_pb_products":[],"mfi_pb_stats_content":[],"mfi_pb_bar_title":"","mfi_pb_bar_content":"","mfi_pb_graph_image":false,"mfi_pb_more_info":"","mfi_pb_source":""},"_links":{"self":[{"href":"https:\/\/www.afpllc.com\/es\/wp-json\/wp\/v2\/pages\/122","targetHints":{"allow":["GET"]}}],"collection":[{"href":"https:\/\/www.afpllc.com\/es\/wp-json\/wp\/v2\/pages"}],"about":[{"href":"https:\/\/www.afpllc.com\/es\/wp-json\/wp\/v2\/types\/page"}],"author":[{"embeddable":true,"href":"https:\/\/www.afpllc.com\/es\/wp-json\/wp\/v2\/users\/1"}],"replies":[{"embeddable":true,"href":"https:\/\/www.afpllc.com\/es\/wp-json\/wp\/v2\/comments?post=122"}],"version-history":[{"count":9,"href":"https:\/\/www.afpllc.com\/es\/wp-json\/wp\/v2\/pages\/122\/revisions"}],"predecessor-version":[{"id":1640,"href":"https:\/\/www.afpllc.com\/es\/wp-json\/wp\/v2\/pages\/122\/revisions\/1640"}],"wp:attachment":[{"href":"https:\/\/www.afpllc.com\/es\/wp-json\/wp\/v2\/media?parent=122"}],"curies":[{"name":"wp","href":"https:\/\/api.w.org\/{rel}","templated":true}]}}